{"id":405,"date":"2017-09-17T22:03:14","date_gmt":"2017-09-17T20:03:14","guid":{"rendered":"https:\/\/www.svi-mi.com\/bicycling\/"},"modified":"2017-09-17T22:04:06","modified_gmt":"2017-09-17T20:04:06","slug":"biciklizam","status":"publish","type":"page","link":"https:\/\/www.svi-mi.com\/hr\/biciklizam\/","title":{"rendered":"Biciklizam"},"content":{"rendered":"<p>Tra\u017eite asfaltirane ceste, brdske ceste ili touring bicikle \u2013 mi ih imamo. Sve na\u0161e bicikle opremljene su sa prednjim amortizerima. Pode\u0161ene su da vam omoguce najudobniju vo\u017enju neovisno o vrsti ceste kojom vozite.<\/p>\n","protected":false},"excerpt":{"rendered":"<p>Tra\u017eite asfaltirane ceste, brdske ceste ili touring bicikle \u2013 mi ih imamo. Sve na\u0161e bicikle opremljene su sa prednjim amortizerima. Pode\u0161ene su da vam omoguce najudobniju vo\u017enju neovisno o vrsti ceste kojom vozite.<\/p>\n","protected":false},"author":1,"featured_media":0,"parent":0,"menu_order":0,"comment_status":"closed","ping_status":"closed","template":"page-right-sidebar.php","meta":[],"_links":{"self":[{"href":"https:\/\/www.svi-mi.com\/hr\/wp-json\/wp\/v2\/pages\/405"}],"collection":[{"href":"https:\/\/www.svi-mi.com\/hr\/wp-json\/wp\/v2\/pages"}],"about":[{"href":"https:\/\/www.svi-mi.com\/hr\/wp-json\/wp\/v2\/types\/page"}],"author":[{"embeddable":true,"href":"https:\/\/www.svi-mi.com\/hr\/wp-json\/wp\/v2\/users\/1"}],"replies":[{"embeddable":true,"href":"https:\/\/www.svi-mi.com\/hr\/wp-json\/wp\/v2\/comments?post=405"}],"version-history":[{"count":1,"href":"https:\/\/www.svi-mi.com\/hr\/wp-json\/wp\/v2\/pages\/405\/revisions"}],"predecessor-version":[{"id":406,"href":"https:\/\/www.svi-mi.com\/hr\/wp-json\/wp\/v2\/pages\/405\/revisions\/406"}],"wp:attachment":[{"href":"https:\/\/www.svi-mi.com\/hr\/wp-json\/wp\/v2\/media?parent=405"}],"curies":[{"name":"wp","href":"https:\/\/api.w.org\/{rel}","templated":true}]}}