{"id":411,"date":"2017-09-17T22:06:02","date_gmt":"2017-09-17T20:06:02","guid":{"rendered":"https:\/\/www.svi-mi.com\/?page_id=411"},"modified":"2017-09-17T22:06:49","modified_gmt":"2017-09-17T20:06:49","slug":"photo-safari-neretva","status":"publish","type":"page","link":"https:\/\/www.svi-mi.com\/hr\/photo-safari-neretva\/","title":{"rendered":"Photo Safari \u2013 Neretva"},"content":{"rendered":"<p>ODMORITE SE uz na\u0161e \u201cTeam Building\u201d uslugama!<\/p>\n<p>Dolina Neretve sa svojim prekrasnim u\u0161\u0107ima u Jadransko more, i plodnom zemljom nastalom od mo\u010dvara, gdje \u010dovjek i priroda postaju jedno, nudi bogatstva dana od Boga \u010dovjeku da u\u017eiva: vodu, sunce, plodove zemlje, \u0161ire\u0107i svoje ruke putniku, prijatelju, gostu\u2026<\/p>\n<p>Nudimo nezaboravno iskustvo na\u0161im gostima \u2013 Foto safari na u\u0161\u0107u rijeke Neretve. Provozajte se tradicionalnim brodovima zvanim \u201cla\u0111a\u201d, kroz stoteine kanala du\u017e mo\u010dvara. Idite na mjesta gdje su stari Grci, Rimljani i Iliri obi\u010davali jedriti i Neretvanski pirati, pod knezom Domagojom napadali neprijateljske galije.<\/p>\n<p>Degustacija delikatesa iz Neretvanskog kraja, pripremljenih na tradicionalni na\u010din u autenti\u010dnom okru\u017eenju je nezaboravno iskustvo. Nakon toga mo\u017eete se odmoriti u\u017eivaju\u0107i u kompletnoj ti\u0161ini kakvu samo priroda mo\u017ee kreirati, a ljeti se mo\u017eete osvje\u017eiti u jezerima.<\/p>\n<p>Kao dio puta, organiziramo i posjet Ornitolo\u0161kom odjelu u Metkovi\u0107u, posebnom po tome \u0161to su sve izlo\u017eene ptice uhva\u0107ene u delti Neretve. Kolekcija ima preko 340 izlo\u017eaka 230 razli\u010ditih vrsta ptica. Iako postoji nekoliko ornitolo\u0161kih rezervata u dolini Neretve, neke ptice mogu biti vi\u0111ene samo na izlo\u017ebi.<\/p>\n<p>Tako\u0111er, mo\u017eemo vas odvesti na arheolo\u0161ka nalazi\u0161ta anti\u010dkog grada Narone u Vidu. Narona je bila drugi najve\u0107i Rimski grad na Jadranskoj obali, ali je obilje\u017eena i Gr\u010dkom te Ilirskom kulturom.<\/p>\n<p>U 1996. arheolozi su prona\u0161li 16 imperijalnih figura koje su trenutno na turneji po raznim izlo\u017ebama u svijetu, dok gradnja muzeja ne bude gotova.<\/p>\n<p>In 1996 archaeologists found sixteen imperial figures which are currently on tour in various exhibitions in the world, until the building of the museum is finished. Posebno impresivna pri\u010da je figura carice Livie, \u010dije tijelo i glava su kona\u010dno spojeni.<\/p>\n","protected":false},"excerpt":{"rendered":"<p>ODMORITE SE uz na\u0161e \u201cTeam Building\u201d uslugama! Dolina Neretve sa svojim prekrasnim u\u0161\u0107ima u Jadransko more, i plodnom zemljom nastalom od mo\u010dvara, gdje \u010dovjek i priroda postaju jedno, nudi bogatstva dana od Boga \u010dovjeku da u\u017eiva: vodu, sunce, plodove zemlje, \u0161ire\u0107i svoje ruke putniku, prijatelju, gostu\u2026 Nudimo nezaboravno iskustvo na\u0161im gostima \u2013 Foto safari na [&#8230;]\n","protected":false},"author":1,"featured_media":0,"parent":0,"menu_order":0,"comment_status":"closed","ping_status":"closed","template":"page-right-sidebar.php","meta":[],"_links":{"self":[{"href":"https:\/\/www.svi-mi.com\/hr\/wp-json\/wp\/v2\/pages\/411"}],"collection":[{"href":"https:\/\/www.svi-mi.com\/hr\/wp-json\/wp\/v2\/pages"}],"about":[{"href":"https:\/\/www.svi-mi.com\/hr\/wp-json\/wp\/v2\/types\/page"}],"author":[{"embeddable":true,"href":"https:\/\/www.svi-mi.com\/hr\/wp-json\/wp\/v2\/users\/1"}],"replies":[{"embeddable":true,"href":"https:\/\/www.svi-mi.com\/hr\/wp-json\/wp\/v2\/comments?post=411"}],"version-history":[{"count":2,"href":"https:\/\/www.svi-mi.com\/hr\/wp-json\/wp\/v2\/pages\/411\/revisions"}],"predecessor-version":[{"id":414,"href":"https:\/\/www.svi-mi.com\/hr\/wp-json\/wp\/v2\/pages\/411\/revisions\/414"}],"wp:attachment":[{"href":"https:\/\/www.svi-mi.com\/hr\/wp-json\/wp\/v2\/media?parent=411"}],"curies":[{"name":"wp","href":"https:\/\/api.w.org\/{rel}","templated":true}]}}